{"id":159,"date":"2025-03-24T14:42:06","date_gmt":"2025-03-24T14:42:06","guid":{"rendered":"https:\/\/wordpress.invajo.com\/likavilkor2025\/?page_id=159"},"modified":"2025-06-26T11:36:09","modified_gmt":"2025-06-26T11:36:09","slug":"organisering","status":"publish","type":"page","link":"https:\/\/www.likavillkor2025.se\/en\/organisering\/","title":{"rendered":"Organization"},"content":{"rendered":"<p>[et_pb_section fb_built=&#8221;1&#8243; next_background_color=&#8221;#ffffff&#8221; disabled_on=&#8221;off|off|off&#8221; admin_label=&#8221;Banner&#8221; _builder_version=&#8221;4.26.0&#8243; _module_preset=&#8221;default&#8221; background_color=&#8221;rgba(0,0,0,0.6)&#8221; background_image=&#8221;https:\/\/wordpress.invajo.com\/likavilkor2025\/wp-content\/uploads\/sites\/91\/2024\/12\/interieur-david-naylor.jpg&#8221; background_blend=&#8221;soft-light&#8221; height_phone=&#8221;185px&#8221; height_last_edited=&#8221;on|desktop&#8221; max_height_phone=&#8221;170px&#8221; max_height_last_edited=&#8221;on|phone&#8221; custom_margin=&#8221;||||false|false&#8221; custom_margin_tablet=&#8221;||||false|false&#8221; custom_margin_phone=&#8221;||||false|false&#8221; custom_margin_last_edited=&#8221;on|phone&#8221; custom_padding=&#8221;||||false|false&#8221; bottom_divider_style=&#8221;ramp2&#8243; bottom_divider_repeat=&#8221;1x&#8221; custom_css_main_element=&#8221;min-height: 550px;&#8221; border_width_all=&#8221;0px&#8221; border_style_all=&#8221;ridge&#8221; global_module=&#8221;46&#8243; saved_tabs=&#8221;all&#8221; global_colors_info=&#8221;{}&#8221;][et_pb_row column_structure=&#8221;1_4,1_2,1_4&#8243; use_custom_gutter=&#8221;on&#8221; gutter_width=&#8221;1&#8243; admin_label=&#8221;Textrad&#8221; _builder_version=&#8221;4.26.0&#8243; _module_preset=&#8221;default&#8221; width=&#8221;100%&#8221; custom_padding=&#8221;||5px|||&#8221; global_colors_info=&#8221;{}&#8221;][et_pb_column type=&#8221;1_4&#8243; _builder_version=&#8221;4.19.4&#8243; _module_preset=&#8221;default&#8221; global_colors_info=&#8221;{}&#8221;][\/et_pb_column][et_pb_column type=&#8221;1_2&#8243; _builder_version=&#8221;4.19.4&#8243; _module_preset=&#8221;default&#8221; global_colors_info=&#8221;{}&#8221;][et_pb_text admin_label=&#8221;Rubrik, datum o tema&#8221; _builder_version=&#8221;4.26.0&#8243; _module_preset=&#8221;default&#8221; header_font=&#8221;|700|||||||&#8221; header_font_size=&#8221;40px&#8221; header_3_font=&#8221;|600|||||||&#8221; header_3_font_size=&#8221;27px&#8221; z_index=&#8221;500&#8243; width=&#8221;100%&#8221; custom_padding=&#8221;12px|0px|10px|15px|false|false&#8221; header_font_size_tablet=&#8221;&#8221; header_font_size_phone=&#8221;30px&#8221; header_font_size_last_edited=&#8221;on|phone&#8221; border_radii=&#8221;on|5px|5px|5px|5px&#8221; global_colors_info=&#8221;{}&#8221;]<\/p>\n<h1 style=\"text-align: left\"><span style=\"color: #ffffff\">National Equal Opportunities Conference<br \/><\/span><\/h1>\n<h3 style=\"text-align: left\"><span style=\"color: #ffffff\">18-19 November<br \/>Uppsala<\/span><\/h3>\n<p>[\/et_pb_text][\/et_pb_column][et_pb_column type=&#8221;1_4&#8243; _builder_version=&#8221;4.19.4&#8243; _module_preset=&#8221;default&#8221; global_colors_info=&#8221;{}&#8221;][et_pb_text _builder_version=&#8221;4.26.0&#8243; _module_preset=&#8221;default&#8221; text_font=&#8221;|700|||||||&#8221; text_text_color=&#8221;#990000&#8243; text_font_size=&#8221;75px&#8221; text_letter_spacing=&#8221;5px&#8221; header_text_color=&#8221;#990000&#8243; z_index=&#8221;-500&#8243; width=&#8221;100%&#8221; custom_margin=&#8221;113px|||-300px|false|false&#8221; custom_margin_tablet=&#8221;&#8221; custom_margin_phone=&#8221;&#8221; custom_margin_last_edited=&#8221;on|phone&#8221; animation_style=&#8221;zoom&#8221; animation_direction=&#8221;left&#8221; animation_duration=&#8221;3000ms&#8221; animation_delay=&#8221;1000ms&#8221; animation_intensity_zoom=&#8221;67%&#8221; text_text_shadow_style=&#8221;preset3&#8243; text_text_shadow_horizontal_length=&#8221;0.02em&#8221; text_text_shadow_vertical_length=&#8221;0.02em&#8221; text_text_shadow_blur_strength=&#8221;0em&#8221; text_text_shadow_color=&#8221;rgba(255,0,0,0.46)&#8221; border_color_all=&#8221;#000000&#8243; global_colors_info=&#8221;{}&#8221; custom_margin__hover_enabled=&#8221;on|desktop&#8221; transform_styles__hover_enabled=&#8221;on|hover&#8221; transform_scale__hover_enabled=&#8221;on|hover&#8221; transform_translate__hover_enabled=&#8221;on|hover&#8221; transform_rotate__hover_enabled=&#8221;on|hover&#8221; transform_skew__hover_enabled=&#8221;on|hover&#8221; transform_origin__hover_enabled=&#8221;on|hover&#8221; custom_margin__hover=&#8221;113px|||-300px|false|false&#8221; transform_scale__hover=&#8221;129%|129%&#8221;]<\/p>\n<p>2025<\/p>\n<p>[\/et_pb_text][\/et_pb_column][\/et_pb_row][\/et_pb_section][et_pb_section fb_built=&#8221;1&#8243; admin_label=&#8221;Main content&#8221; _builder_version=&#8221;4.21.0&#8243; _module_preset=&#8221;default&#8221; background_enable_image=&#8221;off&#8221; global_colors_info=&#8221;{}&#8221;][et_pb_row column_structure=&#8221;2_3,1_3&#8243; admin_label=&#8221;Bild till h\u00f6ger&#8221; _builder_version=&#8221;4.21.0&#8243; _module_preset=&#8221;default&#8221; custom_margin=&#8221;-106px||||false|false&#8221; global_colors_info=&#8221;{}&#8221;][et_pb_column type=&#8221;2_3&#8243; _builder_version=&#8221;4.21.0&#8243; _module_preset=&#8221;default&#8221; global_colors_info=&#8221;{}&#8221;][et_pb_text _builder_version=&#8221;4.26.0&#8243; _module_preset=&#8221;default&#8221; hover_enabled=&#8221;0&#8243; global_colors_info=&#8221;{}&#8221; header_2_font_size=&#8221;23px&#8221; header_3_font_size=&#8221;20px&#8221; sticky_enabled=&#8221;0&#8243; custom_padding=&#8221;32px|||||&#8221;]<\/p>\n<h1>Organization<\/h1>\n<p><b><\/b><\/p>\n<h2>Sponsorship<\/h2>\n<p>Pranava Pakala <a href=\"mailto:pranava.pakala@kemi.uu.se\">pranava.pakala@kemi.uu.se<\/a><\/p>\n<p><b><\/b><\/p>\n<h2>Programme<\/h2>\n<p>Nina Almgren<br \/>Sarah Gl\u00e4nnefors<br \/>Esbj\u00f6rn Larsson<\/p>\n<p><b><\/b><\/p>\n<h2>Marketing, website and social media<\/h2>\n<p>Ann-Sofie Wigg Bodin<br \/>Albin Huusko<br \/>Zekaria Rundasa<\/p>\n<p><b><\/b><\/p>\n<h2>Coordinator<\/h2>\n<p>\u00c5sa Cajander<\/p>\n<p><b><\/b><\/p>\n<h2>Academic Conferences<\/h2>\n<p>Jenny Valegren<\/p>\n<p>[\/et_pb_text][\/et_pb_column][et_pb_column type=&#8221;1_3&#8243; _builder_version=&#8221;4.21.0&#8243; _module_preset=&#8221;default&#8221; global_colors_info=&#8221;{}&#8221;][\/et_pb_column][\/et_pb_row][et_pb_row admin_label=&#8221;Divider row&#8221; _builder_version=&#8221;4.21.0&#8243; _module_preset=&#8221;default&#8221; global_module=&#8221;49&#8243; saved_tabs=&#8221;all&#8221; global_colors_info=&#8221;{}&#8221;][et_pb_column type=&#8221;4_4&#8243; _builder_version=&#8221;4.21.0&#8243; _module_preset=&#8221;default&#8221; global_colors_info=&#8221;{}&#8221;][et_pb_divider color=&#8221;rgba(0,0,0,0.08)&#8221; divider_weight=&#8221;3px&#8221; _builder_version=&#8221;4.26.0&#8243; _module_preset=&#8221;default&#8221; custom_margin=&#8221;0px||-21px||false|false&#8221; animation_style=&#8221;fade&#8221; global_colors_info=&#8221;{}&#8221;][\/et_pb_divider][et_pb_divider divider_weight=&#8221;3px&#8221; _builder_version=&#8221;4.26.0&#8243; _module_preset=&#8221;default&#8221; custom_margin=&#8221;0px||-21px||false|false&#8221; custom_padding=&#8221;0px||||false|false&#8221; animation_style=&#8221;fade&#8221; animation_delay=&#8221;200ms&#8221; global_colors_info=&#8221;{}&#8221;][\/et_pb_divider][\/et_pb_column][\/et_pb_row][et_pb_row admin_label=&#8221;Organized by&#8221; _builder_version=&#8221;4.21.0&#8243; _module_preset=&#8221;default&#8221; global_colors_info=&#8221;{}&#8221;][et_pb_column type=&#8221;4_4&#8243; _builder_version=&#8221;4.21.0&#8243; _module_preset=&#8221;default&#8221; global_colors_info=&#8221;{}&#8221;][et_pb_text _builder_version=&#8221;4.26.0&#8243; _module_preset=&#8221;default&#8221; global_colors_info=&#8221;{}&#8221;]<\/p>\n<h3 style=\"text-align: center\">Organizer<\/h3>\n<p>[\/et_pb_text][\/et_pb_column][\/et_pb_row][et_pb_row column_structure=&#8221;1_3,1_3,1_3&#8243; disabled_on=&#8221;off|off|off&#8221; admin_label=&#8221;Organisat\u00f6rer&#8221; _builder_version=&#8221;4.26.0&#8243; _module_preset=&#8221;default&#8221; global_colors_info=&#8221;{}&#8221; custom_padding=&#8221;||1px|||&#8221;][et_pb_column type=&#8221;1_3&#8243; _builder_version=&#8221;4.26.0&#8243; _module_preset=&#8221;default&#8221; global_colors_info=&#8221;{}&#8221;][\/et_pb_column][et_pb_column type=&#8221;1_3&#8243; _builder_version=&#8221;4.26.0&#8243; _module_preset=&#8221;default&#8221; global_colors_info=&#8221;{}&#8221;][et_pb_image src=&#8221;https:\/\/wordpress.invajo.com\/likavilkor2025\/wp-content\/uploads\/sites\/91\/2024\/12\/UU_logo_2farg.jpg&#8221; alt=&#8221;Uppsala University&#8221; title_text=&#8221;Uppsala University&#8221; admin_label=&#8221;UU-logo&#8221; _builder_version=&#8221;4.26.0&#8243; _module_preset=&#8221;default&#8221; max_width=&#8221;80%&#8221; max_width_tablet=&#8221;50%&#8221; max_width_phone=&#8221;50%&#8221; max_width_last_edited=&#8221;on|phone&#8221; module_alignment=&#8221;center&#8221; custom_margin=&#8221;-50px||||false|false&#8221; custom_margin_tablet=&#8221;0px||||false|false&#8221; custom_margin_phone=&#8221;0px||||false|false&#8221; custom_margin_last_edited=&#8221;on|desktop&#8221; module_alignment_tablet=&#8221;center&#8221; module_alignment_phone=&#8221;center&#8221; module_alignment_last_edited=&#8221;on|desktop&#8221; global_colors_info=&#8221;{}&#8221;][\/et_pb_image][\/et_pb_column][et_pb_column type=&#8221;1_3&#8243; _builder_version=&#8221;4.26.0&#8243; _module_preset=&#8221;default&#8221; global_colors_info=&#8221;{}&#8221;][\/et_pb_column][\/et_pb_row][\/et_pb_section][et_pb_section fb_built=&#8221;1&#8243; prev_background_color=&#8221;#ffffff&#8221; admin_label=&#8221;Footer&#8221; _builder_version=&#8221;4.26.0&#8243; _module_preset=&#8221;default&#8221; background_color=&#8221;#990000&#8243; custom_padding=&#8221;22px|||||&#8221; top_divider_style=&#8221;ramp2&#8243; top_divider_height=&#8221;70px&#8221; top_divider_flip=&#8221;vertical|horizontal&#8221; global_module=&#8221;47&#8243; saved_tabs=&#8221;all&#8221; collapsed=&#8221;off&#8221; global_colors_info=&#8221;{}&#8221;][et_pb_row column_structure=&#8221;1_3,1_3,1_3&#8243; _builder_version=&#8221;4.19.4&#8243; _module_preset=&#8221;default&#8221; background_enable_color=&#8221;off&#8221; background_size=&#8221;initial&#8221; background_position=&#8221;top_left&#8221; background_repeat=&#8221;repeat&#8221; global_colors_info=&#8221;{}&#8221;][et_pb_column type=&#8221;1_3&#8243; _builder_version=&#8221;4.16&#8243; _module_preset=&#8221;default&#8221; custom_padding=&#8221;|||&#8221; global_colors_info=&#8221;{}&#8221; custom_padding__hover=&#8221;|||&#8221;][et_pb_text admin_label=&#8221;Kontakt&#8221; _builder_version=&#8221;4.26.0&#8243; _module_preset=&#8221;default&#8221; text_text_color=&#8221;#FFFFFF&#8221; link_text_color=&#8221;#FFFFFF&#8221; header_2_text_color=&#8221;#FFFFFF&#8221; header_3_text_color=&#8221;#FFFFFF&#8221; header_4_text_color=&#8221;#FFFFFF&#8221; custom_margin=&#8221;||12px|||&#8221; global_colors_info=&#8221;{}&#8221;]<\/p>\n<h4><span style=\"color: #ffffff\">Contact<\/span><\/h4>\n<p>[\/et_pb_text][et_pb_text admin_label=&#8221;Contact&#8221; _builder_version=&#8221;4.26.0&#8243; _module_preset=&#8221;default&#8221; text_text_color=&#8221;#FFFFFF&#8221; link_font=&#8221;|||||||#FFFFFF|&#8221; link_text_color=&#8221;#FFFFFF&#8221; header_text_color=&#8221;#FFFFFF&#8221; header_2_text_color=&#8221;#FFFFFF&#8221; header_3_text_color=&#8221;#FFFFFF&#8221; header_4_text_color=&#8221;#FFFFFF&#8221; custom_margin=&#8221;||18px|||&#8221; global_colors_info=&#8221;{}&#8221;]<\/p>\n<p><span style=\"color: #ffffff\">Academic Conferences<\/span><br \/><span style=\"color: #ffffff\">Telephone: +46 18 67 14 62 or +46 18 67 10 03<br \/><\/span><span style=\"font-size: 14px\">E-mail: <\/span><strong style=\"font-size: 14px\"><a href=\"mailto:likavillkorskonferens-2025@akademikonferens.se\" target=\"_blank\" rel=\"noopener\">likavillkorskonferens-2025@akademikonferens.se<\/a><\/strong><\/p>\n<p>[\/et_pb_text][et_pb_image src=&#8221;https:\/\/wordpress.invajo.com\/likavilkor2025\/wp-content\/uploads\/sites\/91\/2024\/12\/Akademikonferens-Logotyp_200-e1636724763499.png&#8221; title_text=&#8221;Akademikonferens-Logotyp_200&#8243; url=&#8221;https:\/\/www.slu.se\/en\/subweb\/Academic-Conferences\/&#8221; url_new_window=&#8221;on&#8221; align_tablet=&#8221;&#8221; align_phone=&#8221;center&#8221; align_last_edited=&#8221;on|desktop&#8221; admin_label=&#8221;AK-logga&#8221; _builder_version=&#8221;4.21.0&#8243; _module_preset=&#8221;default&#8221; background_color=&#8221;RGBA(0,0,0,0)&#8221; max_height=&#8221;125px&#8221; custom_margin=&#8221;||2px|||&#8221; border_radii=&#8221;on|10px|10px|10px|10px&#8221; global_colors_info=&#8221;{}&#8221;][\/et_pb_image][\/et_pb_column][et_pb_column type=&#8221;1_3&#8243; _builder_version=&#8221;4.16&#8243; _module_preset=&#8221;default&#8221; custom_padding=&#8221;|||&#8221; global_colors_info=&#8221;{}&#8221; custom_padding__hover=&#8221;|||&#8221;][et_pb_text admin_label=&#8221;Viktiga datum&#8221; _builder_version=&#8221;4.26.0&#8243; _module_preset=&#8221;default&#8221; text_text_color=&#8221;#FFFFFF&#8221; link_text_color=&#8221;#FFFFFF&#8221; header_text_color=&#8221;#FFFFFF&#8221; header_2_text_color=&#8221;#FFFFFF&#8221; header_3_text_color=&#8221;#FFFFFF&#8221; header_4_text_color=&#8221;#FFFFFF&#8221; custom_padding=&#8221;5px|||||&#8221; global_colors_info=&#8221;{}&#8221;]<\/p>\n<h4><span style=\"color: #ffffff\">Important dates<\/span><\/h4>\n<p>[\/et_pb_text][et_pb_text admin_label=&#8221;Datum&#8221; _builder_version=&#8221;4.26.0&#8243; _module_preset=&#8221;default&#8221; text_text_color=&#8221;#FFFFFF&#8221; link_text_color=&#8221;#FFFFFF&#8221; header_text_color=&#8221;#FFFFFF&#8221; header_2_text_color=&#8221;#FFFFFF&#8221; header_3_text_color=&#8221;#FFFFFF&#8221; header_4_text_color=&#8221;#FFFFFF&#8221; global_colors_info=&#8221;{}&#8221;]<\/p>\n<p><span style=\"color: #ffffff\"><strong>14 February:<\/strong> Call for proposals<\/span><\/p>\n<p><strong>5 May:<\/strong> Registration opens<\/p>\n<p><strong>17 September:<\/strong> Last day for Early bird<\/p>\n<p><strong>18-19 November:<\/strong> Conference<\/p>\n<p>&nbsp;<\/p>\n<p>[\/et_pb_text][\/et_pb_column][et_pb_column type=&#8221;1_3&#8243; _builder_version=&#8221;4.16&#8243; _module_preset=&#8221;default&#8221; custom_padding=&#8221;|||&#8221; global_colors_info=&#8221;{}&#8221; custom_padding__hover=&#8221;|||&#8221;][et_pb_text admin_label=&#8221;Organiseras av&#8221; _builder_version=&#8221;4.26.0&#8243; _module_preset=&#8221;default&#8221; text_text_color=&#8221;#FFFFFF&#8221; link_text_color=&#8221;#FFFFFF&#8221; header_text_color=&#8221;#FFFFFF&#8221; header_2_text_color=&#8221;#FFFFFF&#8221; header_3_text_color=&#8221;#FFFFFF&#8221; header_4_text_color=&#8221;#FFFFFF&#8221; header_text_align_tablet=&#8221;&#8221; header_text_align_phone=&#8221;center&#8221; header_text_align_last_edited=&#8221;on|desktop&#8221; text_orientation_tablet=&#8221;&#8221; text_orientation_phone=&#8221;center&#8221; text_orientation_last_edited=&#8221;on|phone&#8221; global_colors_info=&#8221;{}&#8221;]<\/p>\n<h4><span style=\"color: #ffffff\">Organized by<\/span><\/h4>\n<p>[\/et_pb_text][et_pb_image src=&#8221;https:\/\/wordpress.invajo.com\/likavilkor2025\/wp-content\/uploads\/sites\/91\/2024\/12\/UU_logo_2farg.jpg&#8221; alt=&#8221;Uppsala University&#8221; title_text=&#8221;Uppsala University&#8221; show_bottom_space=&#8221;off&#8221; align_tablet=&#8221;&#8221; align_phone=&#8221;center&#8221; align_last_edited=&#8221;on|phone&#8221; admin_label=&#8221;Uppsala universitet&#8221; _builder_version=&#8221;4.26.0&#8243; _module_preset=&#8221;default&#8221; max_height=&#8221;125px&#8221; custom_margin=&#8221;-10px||||false|false&#8221; border_radii=&#8221;on|10px|10px|10px|10px&#8221; global_colors_info=&#8221;{}&#8221;][\/et_pb_image][\/et_pb_column][\/et_pb_row][et_pb_row disabled_on=&#8221;off|off|off&#8221; admin_label=&#8221;Acknowledgement molecule image&#8221; _builder_version=&#8221;4.21.0&#8243; _module_preset=&#8221;default&#8221; custom_margin=&#8221;||-65px||false|false&#8221; custom_padding=&#8221;||0px||false|false&#8221; global_colors_info=&#8221;{}&#8221;][et_pb_column type=&#8221;4_4&#8243; _builder_version=&#8221;4.21.0&#8243; _module_preset=&#8221;default&#8221; global_colors_info=&#8221;{}&#8221;][et_pb_text admin_label=&#8221;Molecule image: Lydia Simmons via freepngimg.com&#8221; _builder_version=&#8221;4.26.0&#8243; _module_preset=&#8221;default&#8221; custom_margin=&#8221;-50px||-25px||false|false&#8221; custom_padding=&#8221;0px||0px||false|false&#8221; global_colors_info=&#8221;{}&#8221;]<\/p>\n<p style=\"font-size: 10px\"><span style=\"color: #ffffff\"><strong>Image credits:<\/strong> Uppsala University &#8211; David Naylor<\/span><\/p>\n<p>[\/et_pb_text][\/et_pb_column][\/et_pb_row][\/et_pb_section]<\/p>","protected":false},"excerpt":{"rendered":"<p>Nationella likavillkorskonferensen 18-19 novemberUppsala2025Organisering Sponsorer Pranava Pakala pranava.pakala@kemi.uu.se Program Nina AlmgrenSarah Gl\u00e4nneforsEsbj\u00f6rn Larsson Marknadsf\u00f6ring, webb och sociala medier Ann-Sofie Wigg BodinAlbin HuuskoZekaria Rundasa Samordnare \u00c5sa Cajander Akademikonferens Jenny ValegrenArrang\u00f6rKontaktAkademikonferensTelefon: +46 18 67 14 62 eller +46 18 67 10 03E-mail: likavillkorskonferens-2025@akademikonferens.seViktiga datum14 februari: Inbjudan l\u00e4mna f\u00f6rslag 5 maj: Anm\u00e4lan \u00f6ppnar 17 september: Sista dagen med [&hellip;]<\/p>","protected":false},"author":19,"featured_media":0,"parent":0,"menu_order":0,"comment_status":"closed","ping_status":"closed","template":"","meta":{"_et_pb_use_builder":"on","_et_pb_old_content":"","_et_gb_content_width":"","footnotes":""},"class_list":["post-159","page","type-page","status-publish","hentry"],"_links":{"self":[{"href":"https:\/\/www.likavillkor2025.se\/en\/wp-json\/wp\/v2\/pages\/159","targetHints":{"allow":["GET"]}}],"collection":[{"href":"https:\/\/www.likavillkor2025.se\/en\/wp-json\/wp\/v2\/pages"}],"about":[{"href":"https:\/\/www.likavillkor2025.se\/en\/wp-json\/wp\/v2\/types\/page"}],"author":[{"embeddable":true,"href":"https:\/\/www.likavillkor2025.se\/en\/wp-json\/wp\/v2\/users\/19"}],"replies":[{"embeddable":true,"href":"https:\/\/www.likavillkor2025.se\/en\/wp-json\/wp\/v2\/comments?post=159"}],"version-history":[{"count":8,"href":"https:\/\/www.likavillkor2025.se\/en\/wp-json\/wp\/v2\/pages\/159\/revisions"}],"predecessor-version":[{"id":446,"href":"https:\/\/www.likavillkor2025.se\/en\/wp-json\/wp\/v2\/pages\/159\/revisions\/446"}],"wp:attachment":[{"href":"https:\/\/www.likavillkor2025.se\/en\/wp-json\/wp\/v2\/media?parent=159"}],"curies":[{"name":"wp","href":"https:\/\/api.w.org\/{rel}","templated":true}]}}