{"id":509,"date":"2025-10-06T06:49:09","date_gmt":"2025-10-06T06:49:09","guid":{"rendered":"https:\/\/www.likavillkor2025.se\/?page_id=509"},"modified":"2025-10-06T06:50:30","modified_gmt":"2025-10-06T06:50:30","slug":"509-2","status":"publish","type":"page","link":"https:\/\/www.likavillkor2025.se\/en\/509-2\/","title":{"rendered":"Tips f\u00f6r att h\u00e5lla en inkluderande presentation"},"content":{"rendered":"<p>[et_pb_section fb_built=&#8221;1&#8243; next_background_color=&#8221;#ffffff&#8221; disabled_on=&#8221;off|off|off&#8221; admin_label=&#8221;Banner&#8221; _builder_version=&#8221;4.26.0&#8243; _module_preset=&#8221;default&#8221; background_color=&#8221;rgba(0,0,0,0.6)&#8221; background_image=&#8221;https:\/\/wordpress.invajo.com\/likavilkor2025\/wp-content\/uploads\/sites\/91\/2024\/12\/interieur-david-naylor.jpg&#8221; background_blend=&#8221;soft-light&#8221; height_tablet=&#8221;&#8221; height_phone=&#8221;185px&#8221; height_last_edited=&#8221;on|desktop&#8221; max_height_tablet=&#8221;&#8221; max_height_phone=&#8221;170px&#8221; max_height_last_edited=&#8221;on|phone&#8221; custom_margin=&#8221;||||false|false&#8221; custom_margin_tablet=&#8221;||||false|false&#8221; custom_margin_phone=&#8221;||||false|false&#8221; custom_margin_last_edited=&#8221;on|phone&#8221; custom_padding=&#8221;||||false|false&#8221; bottom_divider_style=&#8221;ramp2&#8243; bottom_divider_repeat=&#8221;1x&#8221; custom_css_main_element=&#8221;min-height: 550px;&#8221; border_width_all=&#8221;0px&#8221; border_style_all=&#8221;ridge&#8221; global_module=&#8221;46&#8243; saved_tabs=&#8221;all&#8221; global_colors_info=&#8221;{}&#8221;][et_pb_row column_structure=&#8221;1_4,1_2,1_4&#8243; use_custom_gutter=&#8221;on&#8221; gutter_width=&#8221;1&#8243; admin_label=&#8221;Textrad&#8221; _builder_version=&#8221;4.26.0&#8243; _module_preset=&#8221;default&#8221; width=&#8221;100%&#8221; custom_padding=&#8221;||5px|||&#8221; global_colors_info=&#8221;{}&#8221;][et_pb_column type=&#8221;1_4&#8243; _builder_version=&#8221;4.19.4&#8243; _module_preset=&#8221;default&#8221; global_colors_info=&#8221;{}&#8221;][\/et_pb_column][et_pb_column type=&#8221;1_2&#8243; _builder_version=&#8221;4.19.4&#8243; _module_preset=&#8221;default&#8221; global_colors_info=&#8221;{}&#8221;][et_pb_text admin_label=&#8221;Rubrik, datum o tema&#8221; _builder_version=&#8221;4.27.4&#8243; _module_preset=&#8221;default&#8221; header_font=&#8221;|700|||||||&#8221; header_font_size=&#8221;40px&#8221; header_3_font=&#8221;|600|||||||&#8221; header_3_font_size=&#8221;27px&#8221; z_index=&#8221;500&#8243; width=&#8221;100%&#8221; custom_padding=&#8221;12px|0px|10px|15px|false|false&#8221; header_font_size_tablet=&#8221;&#8221; header_font_size_phone=&#8221;30px&#8221; header_font_size_last_edited=&#8221;on|phone&#8221; border_radii=&#8221;on|5px|5px|5px|5px&#8221; global_colors_info=&#8221;{}&#8221;]<\/p>\n<h1 style=\"text-align: left\"><span style=\"color: #ffffff\">National Equal Opportunities Conference<br \/><\/span><\/h1>\n<h3 style=\"text-align: left\"><span style=\"color: #ffffff\">18-19 November<br \/>Uppsala<\/span><\/h3>\n<p>[\/et_pb_text][\/et_pb_column][et_pb_column type=&#8221;1_4&#8243; _builder_version=&#8221;4.19.4&#8243; _module_preset=&#8221;default&#8221; global_colors_info=&#8221;{}&#8221;][et_pb_text admin_label=&#8221;2025&#8243; _builder_version=&#8221;4.27.4&#8243; _module_preset=&#8221;default&#8221; text_font=&#8221;Open Sans|700|||||||&#8221; text_text_color=&#8221;#FFFFFF&#8221; text_font_size=&#8221;75px&#8221; text_letter_spacing=&#8221;5px&#8221; header_text_color=&#8221;#990000&#8243; z_index=&#8221;-500&#8243; width=&#8221;100%&#8221; custom_margin=&#8221;113px|||-300px|false|false&#8221; custom_margin_tablet=&#8221;&#8221; custom_margin_phone=&#8221;&#8221; custom_margin_last_edited=&#8221;on|phone&#8221; animation_style=&#8221;zoom&#8221; animation_direction=&#8221;left&#8221; animation_duration=&#8221;3000ms&#8221; animation_delay=&#8221;1000ms&#8221; animation_intensity_zoom=&#8221;67%&#8221; text_text_shadow_style=&#8221;preset3&#8243; text_text_shadow_horizontal_length=&#8221;0.02em&#8221; text_text_shadow_vertical_length=&#8221;0.02em&#8221; text_text_shadow_blur_strength=&#8221;0em&#8221; text_text_shadow_color=&#8221;rgba(0,0,0,0.46)&#8221; border_color_all=&#8221;#000000&#8243; global_colors_info=&#8221;{}&#8221; custom_margin__hover_enabled=&#8221;on|desktop&#8221; transform_styles__hover_enabled=&#8221;on|hover&#8221; transform_scale__hover_enabled=&#8221;on|hover&#8221; transform_translate__hover_enabled=&#8221;on|hover&#8221; transform_rotate__hover_enabled=&#8221;on|hover&#8221; transform_skew__hover_enabled=&#8221;on|hover&#8221; transform_origin__hover_enabled=&#8221;on|hover&#8221; custom_margin__hover=&#8221;113px|||-300px|false|false&#8221; transform_scale__hover=&#8221;129%|129%&#8221;]<\/p>\n<p>2025<\/p>\n<p>[\/et_pb_text][\/et_pb_column][\/et_pb_row][\/et_pb_section][et_pb_section fb_built=&#8221;1&#8243; admin_label=&#8221;Main content&#8221; _builder_version=&#8221;4.26.0&#8243; _module_preset=&#8221;default&#8221; background_enable_image=&#8221;off&#8221; custom_margin=&#8221;||||false|false&#8221; custom_margin_tablet=&#8221;||||false|false&#8221; custom_margin_phone=&#8221;||||false|false&#8221; custom_margin_last_edited=&#8221;on|phone&#8221; custom_padding=&#8221;4px||||false|false&#8221; global_colors_info=&#8221;{}&#8221;][et_pb_row admin_label=&#8221;Bild till h\u00f6ger&#8221; _builder_version=&#8221;4.21.0&#8243; _module_preset=&#8221;default&#8221; custom_margin=&#8221;-1px|auto||auto|false|false&#8221; custom_padding=&#8221;0px|||||&#8221; global_colors_info=&#8221;{}&#8221;][et_pb_column type=&#8221;4_4&#8243; _builder_version=&#8221;4.21.0&#8243; _module_preset=&#8221;default&#8221; global_colors_info=&#8221;{}&#8221;][et_pb_text _builder_version=&#8221;4.27.4&#8243; _module_preset=&#8221;default&#8221; custom_margin_tablet=&#8221;&#8221; custom_margin_phone=&#8221;||||false|false&#8221; custom_margin_last_edited=&#8221;on|phone&#8221; global_colors_info=&#8221;{}&#8221;]<\/p>\n<h1>Tips f\u00f6r att <strong>h\u00e5lla en inkluderande presentation<\/strong><\/p>\n<\/h1>\n<p>[\/et_pb_text][et_pb_button button_url=&#8221;https:\/\/www.likavillkor2025.se\/wp-content\/uploads\/sites\/91\/2025\/10\/Co-pilot-Tips-for-att-halla-en-inkluderande-presentation.pdf&#8221; url_new_window=&#8221;on&#8221; button_text=&#8221;Tips f\u00f6r att h\u00e5lla en inkluderande presentation (PDF)&#8221; button_alignment=&#8221;left&#8221; button_alignment_tablet=&#8221;left&#8221; button_alignment_phone=&#8221;center&#8221; button_alignment_last_edited=&#8221;on|phone&#8221; _builder_version=&#8221;4.27.4&#8243; _module_preset=&#8221;default&#8221; custom_button=&#8221;on&#8221; button_text_color=&#8221;#990000&#8243; button_border_width=&#8221;4px&#8221; button_border_color=&#8221;#990000&#8243; button_border_radius=&#8221;16px&#8221; button_font=&#8221;||||||||&#8221; button_icon=&#8221;&#xe092;||divi||400&#8243; button_icon_placement=&#8221;left&#8221; button_on_hover=&#8221;off&#8221; custom_margin=&#8221;|||40px|false|false&#8221; custom_margin_tablet=&#8221;|||40px|false|false&#8221; custom_margin_phone=&#8221;|||0px|false|false&#8221; custom_margin_last_edited=&#8221;on|phone&#8221; hover_enabled=&#8221;0&#8243; global_colors_info=&#8221;{}&#8221; sticky_enabled=&#8221;0&#8243;][\/et_pb_button][et_pb_text disabled_on=&#8221;off|off|off&#8221; _builder_version=&#8221;4.27.4&#8243; _module_preset=&#8221;default&#8221; header_2_font_size=&#8221;23px&#8221; header_2_line_height=&#8221;1.5em&#8221; header_3_font=&#8221;|300|||||||&#8221; header_3_font_size=&#8221;20px&#8221; width=&#8221;81%&#8221; width_tablet=&#8221;&#8221; width_phone=&#8221;&#8221; width_last_edited=&#8221;on|phone&#8221; hover_enabled=&#8221;0&#8243; global_colors_info=&#8221;{}&#8221; sticky_enabled=&#8221;0&#8243;]<\/p>\n<p>F\u00f6r att alla deltagare ska f\u00e5 m\u00f6jlighet att ta del av inneh\u00e5llet under konferensen, vill vi g\u00e4rna erbjuda n\u00e5gra tips som kan bidra till att presentationerna blir s\u00e5 tillg\u00e4ngliga och inkluderande som m\u00f6jligt. Det handlar om sm\u00e5 justeringar som kan g\u00f6ra stor skillnad f\u00f6r deltagare med olika behov och bakgrunder. Anv\u00e4nd g\u00e4rna det som st\u00f6d \u2013 och h\u00f6r av dig om du har fr\u00e5gor eller funderingar!<\/p>\n<p><strong>Teknik och ljud<\/strong><\/p>\n<ul>\n<li><strong>Anv\u00e4nd mikrofon<\/strong>, oavsett salens storlek \u2013 det underl\u00e4ttar f\u00f6r alla att h\u00f6ra, s\u00e4rskilt f\u00f6r dem som anv\u00e4nder h\u00f6rselteknik.\n<\/li>\n<\/ul>\n<p><strong>Att presentera och uttrycka sig<\/strong><\/p>\n<ul>\n<li><strong>Presentera personer p\u00e5 ett likv\u00e4rdigt s\u00e4tt<\/strong>: n\u00e4mn b\u00e5de f\u00f6r- och efternamn f\u00f6rsta g\u00e5ngen, d\u00e4refter kan du anv\u00e4nda f\u00f6rnamn eller b\u00e5da namnen (Schyst.se).<\/li>\n<li><strong>Var konsekvent n\u00e4r du n\u00e4mner geografiska omr\u00e5den<\/strong>: v\u00e4lj antingen l\u00e4nder eller kontinenter, s\u00e5 att j\u00e4mf\u00f6relser blir tydliga.<\/li>\n<li><strong>Anv\u00e4nd inkluderande spr\u00e5k<\/strong>: exempelvis forskare ist\u00e4llet f\u00f6r vetenskapsman, talesperson ist\u00e4llet f\u00f6r talesman, inv\u00e5nare ist\u00e4llet f\u00f6r medborgare (Schyst.se).<\/li>\n<li><strong>L\u00e5t alla presentat\u00f6rer presentera sig sj\u00e4lva<\/strong> \u2013 det ger varje person m\u00f6jlighet att ta plats och bli h\u00f6rd.\n<\/li>\n<\/ul>\n<p><strong>Spr\u00e5kbruk<\/strong><\/p>\n<ul>\n<li><strong>Anv\u00e4nd ett tydligt och enkelt spr\u00e5k<\/strong>, s\u00e4rskilt med tanke p\u00e5 att m\u00e5nga har svenska eller engelska som andraspr\u00e5k.<\/li>\n<li><strong>Undvik idiomatiska uttryck<\/strong> som kan vara sv\u00e5ra att f\u00f6rst\u00e5, t.ex. \u201dl\u00e4gga benen p\u00e5 ryggen\u201d (Schyst.se).<\/li>\n<li><strong>V\u00e4lj ord som fungerar f\u00f6r alla<\/strong>: exempelvis \u201dta rast\u201d ist\u00e4llet f\u00f6r \u201dbenstr\u00e4ckare\u201d (Schyst.se).\n<\/li>\n<\/ul>\n<p><strong>Visuella presentationer<\/strong><\/p>\n<ul>\n<li><strong>Undvik f\u00e4rgkombinationer som r\u00f6d\/gr\u00f6n<\/strong>, d\u00e5 de kan vara sv\u00e5ra att urskilja f\u00f6r f\u00e4rgblinda.<\/li>\n<li><strong>Anv\u00e4nd tydlig layout<\/strong>: korta texter, stor teckenstorlek (18pt eller st\u00f6rre), sans serif-typsnitt (t.ex. Calibri), och god kontrast mellan text och bakgrund (Microsoft).<\/li>\n<li><strong>L\u00e4mna luft i presentationen<\/strong> \u2013 det g\u00f6r det l\u00e4ttare att ta till sig inneh\u00e5llet, s\u00e4rskilt f\u00f6r personer med dyslexi (Microsoft).\n<\/li>\n<\/ul>\n<p><strong>Interaktion med publiken<\/strong><\/p>\n<ul>\n<li><strong>Underl\u00e4tta fr\u00e5gestunder<\/strong> genom att utse n\u00e5gon som hj\u00e4lper till att h\u00e5lla koll p\u00e5 vilka som vill st\u00e4lla fr\u00e5gor.<\/li>\n<li><strong>F\u00f6rdela uppm\u00e4rksamheten j\u00e4mnt<\/strong> \u2013 f\u00f6rs\u00f6k att titta ut \u00f6ver hela publiken, s\u00e5 att alla k\u00e4nner sig inkluderade.<\/li>\n<li><strong>L\u00e5t det vara frivilligt att st\u00e4lla sig upp<\/strong> \u2013 s\u00e4g g\u00e4rna: \u201dAlla \u00e4r v\u00e4lkomna att st\u00e4lla fr\u00e5gor, p\u00e5 det s\u00e4tt som k\u00e4nns bekv\u00e4mt.\u201d<\/li>\n<li><strong>R\u00f6r dig g\u00e4rna i rummet<\/strong> om det \u00e4r m\u00f6jligt \u2013 det kan hj\u00e4lpa deltagare som sitter l\u00e4ngre bak att k\u00e4nna sig mer delaktiga.\n<\/li>\n<\/ul>\n<p><strong>K\u00e4llor<\/strong><\/p>\n<ul>\n<li>Schyst: <a href=\"https:\/\/regionvarmland.se\/schyst\">https:\/\/regionvarmland.se\/schyst<\/a><\/li>\n<li><span><a href=\"https:\/\/support.microsoft.com\/en-us\/office\/make-your-powerpoint-presentations-accessible-to-people-with-disabilities-6f7772b2-2f33-4bd2-8ca7-dae3b2b3ef25\">Microsoft support: \u201cMake your PowerPoint presentations accessible to people with disabilities\u201d<\/a><\/span><\/li>\n<\/ul>\n<p>[\/et_pb_text][\/et_pb_column][\/et_pb_row][et_pb_row admin_label=&#8221;Divider row&#8221; _builder_version=&#8221;4.21.0&#8243; _module_preset=&#8221;default&#8221; global_module=&#8221;49&#8243; saved_tabs=&#8221;all&#8221; global_colors_info=&#8221;{}&#8221;][et_pb_column type=&#8221;4_4&#8243; _builder_version=&#8221;4.21.0&#8243; _module_preset=&#8221;default&#8221; global_colors_info=&#8221;{}&#8221;][et_pb_divider divider_weight=&#8221;3px&#8221; _builder_version=&#8221;4.26.0&#8243; _module_preset=&#8221;default&#8221; custom_margin=&#8221;0px||-21px||false|false&#8221; custom_padding=&#8221;0px||||false|false&#8221; animation_style=&#8221;fade&#8221; animation_delay=&#8221;200ms&#8221; global_colors_info=&#8221;{}&#8221;][\/et_pb_divider][\/et_pb_column][\/et_pb_row][et_pb_row admin_label=&#8221;Organized by&#8221; _builder_version=&#8221;4.21.0&#8243; _module_preset=&#8221;default&#8221; global_colors_info=&#8221;{}&#8221;][et_pb_column type=&#8221;4_4&#8243; _builder_version=&#8221;4.21.0&#8243; _module_preset=&#8221;default&#8221; global_colors_info=&#8221;{}&#8221;][et_pb_text _builder_version=&#8221;4.26.0&#8243; _module_preset=&#8221;default&#8221; global_colors_info=&#8221;{}&#8221;]<\/p>\n<h3 style=\"text-align: center\">Organizer<\/h3>\n<p>[\/et_pb_text][\/et_pb_column][\/et_pb_row][et_pb_row column_structure=&#8221;1_3,1_3,1_3&#8243; disabled_on=&#8221;off|off|off&#8221; admin_label=&#8221;Organisat\u00f6rer&#8221; _builder_version=&#8221;4.26.0&#8243; _module_preset=&#8221;default&#8221; global_colors_info=&#8221;{}&#8221;][et_pb_column type=&#8221;1_3&#8243; _builder_version=&#8221;4.26.0&#8243; _module_preset=&#8221;default&#8221; global_colors_info=&#8221;{}&#8221;][\/et_pb_column][et_pb_column type=&#8221;1_3&#8243; _builder_version=&#8221;4.26.0&#8243; _module_preset=&#8221;default&#8221; global_colors_info=&#8221;{}&#8221;][et_pb_image src=&#8221;https:\/\/wordpress.invajo.com\/likavilkor2025\/wp-content\/uploads\/sites\/91\/2024\/12\/UU_logo_2farg.jpg&#8221; alt=&#8221;Uppsala University&#8221; title_text=&#8221;Uppsala University&#8221; admin_label=&#8221;UU-logo&#8221; _builder_version=&#8221;4.26.0&#8243; _module_preset=&#8221;default&#8221; max_width=&#8221;80%&#8221; max_width_tablet=&#8221;50%&#8221; max_width_phone=&#8221;50%&#8221; max_width_last_edited=&#8221;on|phone&#8221; module_alignment=&#8221;center&#8221; custom_margin=&#8221;-50px||||false|false&#8221; custom_margin_tablet=&#8221;0px||||false|false&#8221; custom_margin_phone=&#8221;0px||||false|false&#8221; custom_margin_last_edited=&#8221;on|desktop&#8221; module_alignment_tablet=&#8221;center&#8221; module_alignment_phone=&#8221;center&#8221; module_alignment_last_edited=&#8221;on|desktop&#8221; global_colors_info=&#8221;{}&#8221;][\/et_pb_image][\/et_pb_column][et_pb_column type=&#8221;1_3&#8243; _builder_version=&#8221;4.26.0&#8243; _module_preset=&#8221;default&#8221; global_colors_info=&#8221;{}&#8221;][\/et_pb_column][\/et_pb_row][et_pb_row _builder_version=&#8221;4.26.0&#8243; _module_preset=&#8221;default&#8221; global_colors_info=&#8221;{}&#8221;][et_pb_column type=&#8221;4_4&#8243; _builder_version=&#8221;4.26.0&#8243; _module_preset=&#8221;default&#8221; global_colors_info=&#8221;{}&#8221;][\/et_pb_column][\/et_pb_row][\/et_pb_section][et_pb_section fb_built=&#8221;1&#8243; prev_background_color=&#8221;#ffffff&#8221; admin_label=&#8221;Footer&#8221; _builder_version=&#8221;4.26.0&#8243; _module_preset=&#8221;default&#8221; background_color=&#8221;#990000&#8243; custom_padding=&#8221;22px|||||&#8221; top_divider_style=&#8221;ramp2&#8243; top_divider_height=&#8221;70px&#8221; top_divider_flip=&#8221;vertical|horizontal&#8221; global_module=&#8221;47&#8243; saved_tabs=&#8221;all&#8221; collapsed=&#8221;off&#8221; global_colors_info=&#8221;{}&#8221;][et_pb_row column_structure=&#8221;1_3,1_3,1_3&#8243; _builder_version=&#8221;4.19.4&#8243; _module_preset=&#8221;default&#8221; background_enable_color=&#8221;off&#8221; background_size=&#8221;initial&#8221; background_position=&#8221;top_left&#8221; background_repeat=&#8221;repeat&#8221; global_colors_info=&#8221;{}&#8221;][et_pb_column type=&#8221;1_3&#8243; _builder_version=&#8221;4.16&#8243; _module_preset=&#8221;default&#8221; custom_padding=&#8221;|||&#8221; global_colors_info=&#8221;{}&#8221; custom_padding__hover=&#8221;|||&#8221;][et_pb_text admin_label=&#8221;Kontakt&#8221; _builder_version=&#8221;4.26.0&#8243; _module_preset=&#8221;default&#8221; text_text_color=&#8221;#FFFFFF&#8221; link_text_color=&#8221;#FFFFFF&#8221; header_2_text_color=&#8221;#FFFFFF&#8221; header_3_text_color=&#8221;#FFFFFF&#8221; header_4_text_color=&#8221;#FFFFFF&#8221; custom_margin=&#8221;||12px|||&#8221; global_colors_info=&#8221;{}&#8221;]<\/p>\n<h4><span style=\"color: #ffffff\">Contact<\/span><\/h4>\n<p>[\/et_pb_text][et_pb_text admin_label=&#8221;Contact&#8221; _builder_version=&#8221;4.26.0&#8243; _module_preset=&#8221;default&#8221; text_text_color=&#8221;#FFFFFF&#8221; link_font=&#8221;|||||||#FFFFFF|&#8221; link_text_color=&#8221;#FFFFFF&#8221; header_text_color=&#8221;#FFFFFF&#8221; header_2_text_color=&#8221;#FFFFFF&#8221; header_3_text_color=&#8221;#FFFFFF&#8221; header_4_text_color=&#8221;#FFFFFF&#8221; custom_margin=&#8221;||18px|||&#8221; global_colors_info=&#8221;{}&#8221;]<\/p>\n<p><span style=\"color: #ffffff\">Academic Conferences<\/span><br \/><span style=\"color: #ffffff\">Telephone: +46 18 67 14 62 or +46 18 67 10 03<br \/><\/span><span style=\"font-size: 14px\">E-mail: <\/span><strong style=\"font-size: 14px\"><a href=\"mailto:likavillkorskonferens-2025@akademikonferens.se\" target=\"_blank\" rel=\"noopener\">likavillkorskonferens-2025@akademikonferens.se<\/a><\/strong><\/p>\n<p>[\/et_pb_text][et_pb_image src=&#8221;https:\/\/wordpress.invajo.com\/likavilkor2025\/wp-content\/uploads\/sites\/91\/2024\/12\/Akademikonferens-Logotyp_200-e1636724763499.png&#8221; title_text=&#8221;Akademikonferens-Logotyp_200&#8243; url=&#8221;https:\/\/www.slu.se\/en\/subweb\/Academic-Conferences\/&#8221; url_new_window=&#8221;on&#8221; align_tablet=&#8221;&#8221; align_phone=&#8221;center&#8221; align_last_edited=&#8221;on|desktop&#8221; admin_label=&#8221;AK-logga&#8221; _builder_version=&#8221;4.21.0&#8243; _module_preset=&#8221;default&#8221; background_color=&#8221;RGBA(0,0,0,0)&#8221; max_height=&#8221;125px&#8221; custom_margin=&#8221;||2px|||&#8221; border_radii=&#8221;on|10px|10px|10px|10px&#8221; global_colors_info=&#8221;{}&#8221;][\/et_pb_image][\/et_pb_column][et_pb_column type=&#8221;1_3&#8243; _builder_version=&#8221;4.16&#8243; _module_preset=&#8221;default&#8221; custom_padding=&#8221;|||&#8221; global_colors_info=&#8221;{}&#8221; custom_padding__hover=&#8221;|||&#8221;][et_pb_text admin_label=&#8221;Viktiga datum&#8221; _builder_version=&#8221;4.26.0&#8243; _module_preset=&#8221;default&#8221; text_text_color=&#8221;#FFFFFF&#8221; link_text_color=&#8221;#FFFFFF&#8221; header_text_color=&#8221;#FFFFFF&#8221; header_2_text_color=&#8221;#FFFFFF&#8221; header_3_text_color=&#8221;#FFFFFF&#8221; header_4_text_color=&#8221;#FFFFFF&#8221; custom_padding=&#8221;5px|||||&#8221; global_colors_info=&#8221;{}&#8221;]<\/p>\n<h4><span style=\"color: #ffffff\">Important dates<\/span><\/h4>\n<p>[\/et_pb_text][et_pb_text admin_label=&#8221;Datum&#8221; _builder_version=&#8221;4.26.0&#8243; _module_preset=&#8221;default&#8221; text_text_color=&#8221;#FFFFFF&#8221; link_text_color=&#8221;#FFFFFF&#8221; header_text_color=&#8221;#FFFFFF&#8221; header_2_text_color=&#8221;#FFFFFF&#8221; header_3_text_color=&#8221;#FFFFFF&#8221; header_4_text_color=&#8221;#FFFFFF&#8221; global_colors_info=&#8221;{}&#8221;]<\/p>\n<p><span style=\"color: #ffffff\"><strong>14 February:<\/strong> Call for proposals<\/span><\/p>\n<p><strong>5 May:<\/strong> Registration opens<\/p>\n<p><strong>17 September:<\/strong> Last day for Early bird<\/p>\n<p><strong>3 november:<\/strong> Sista dagen f\u00f6r anm\u00e4lan<\/p>\n<p><strong>18-19 November:<\/strong> Conference<\/p>\n<p>&nbsp;<\/p>\n<p>[\/et_pb_text][\/et_pb_column][et_pb_column type=&#8221;1_3&#8243; _builder_version=&#8221;4.16&#8243; _module_preset=&#8221;default&#8221; custom_padding=&#8221;|||&#8221; global_colors_info=&#8221;{}&#8221; custom_padding__hover=&#8221;|||&#8221;][et_pb_text admin_label=&#8221;Organiseras av&#8221; _builder_version=&#8221;4.26.0&#8243; _module_preset=&#8221;default&#8221; text_text_color=&#8221;#FFFFFF&#8221; link_text_color=&#8221;#FFFFFF&#8221; header_text_color=&#8221;#FFFFFF&#8221; header_2_text_color=&#8221;#FFFFFF&#8221; header_3_text_color=&#8221;#FFFFFF&#8221; header_4_text_color=&#8221;#FFFFFF&#8221; header_text_align_tablet=&#8221;&#8221; header_text_align_phone=&#8221;center&#8221; header_text_align_last_edited=&#8221;on|desktop&#8221; text_orientation_tablet=&#8221;&#8221; text_orientation_phone=&#8221;center&#8221; text_orientation_last_edited=&#8221;on|phone&#8221; global_colors_info=&#8221;{}&#8221;]<\/p>\n<h4><span style=\"color: #ffffff\">Organized by<\/span><\/h4>\n<p>[\/et_pb_text][et_pb_image src=&#8221;https:\/\/wordpress.invajo.com\/likavilkor2025\/wp-content\/uploads\/sites\/91\/2024\/12\/UU_logo_2farg.jpg&#8221; alt=&#8221;Uppsala University&#8221; title_text=&#8221;Uppsala University&#8221; show_bottom_space=&#8221;off&#8221; align_tablet=&#8221;&#8221; align_phone=&#8221;center&#8221; align_last_edited=&#8221;on|phone&#8221; admin_label=&#8221;Uppsala universitet&#8221; _builder_version=&#8221;4.26.0&#8243; _module_preset=&#8221;default&#8221; max_height=&#8221;125px&#8221; custom_margin=&#8221;-10px||||false|false&#8221; border_radii=&#8221;on|10px|10px|10px|10px&#8221; global_colors_info=&#8221;{}&#8221;][\/et_pb_image][\/et_pb_column][\/et_pb_row][et_pb_row disabled_on=&#8221;off|off|off&#8221; admin_label=&#8221;Acknowledgement molecule image&#8221; _builder_version=&#8221;4.21.0&#8243; _module_preset=&#8221;default&#8221; custom_margin=&#8221;||-65px||false|false&#8221; custom_padding=&#8221;||0px||false|false&#8221; global_colors_info=&#8221;{}&#8221;][et_pb_column type=&#8221;4_4&#8243; _builder_version=&#8221;4.21.0&#8243; _module_preset=&#8221;default&#8221; global_colors_info=&#8221;{}&#8221;][et_pb_text admin_label=&#8221;Molecule image: Lydia Simmons via freepngimg.com&#8221; _builder_version=&#8221;4.26.0&#8243; _module_preset=&#8221;default&#8221; custom_margin=&#8221;-50px||-25px||false|false&#8221; custom_padding=&#8221;0px||0px||false|false&#8221; global_colors_info=&#8221;{}&#8221;]<\/p>\n<p style=\"font-size: 10px\"><span style=\"color: #ffffff\"><strong>Image credits:<\/strong> Uppsala University &#8211; David Naylor<\/span><\/p>\n<p>[\/et_pb_text][\/et_pb_column][\/et_pb_row][\/et_pb_section]<\/p>","protected":false},"excerpt":{"rendered":"<p>Nationella likavillkorskonferensen 18-19 novemberUppsala2025Tips f\u00f6r att h\u00e5lla en inkluderande presentation F\u00f6r att alla deltagare ska f\u00e5 m\u00f6jlighet att ta del av inneh\u00e5llet under konferensen, vill vi g\u00e4rna erbjuda n\u00e5gra tips som kan bidra till att presentationerna blir s\u00e5 tillg\u00e4ngliga och inkluderande som m\u00f6jligt. Det handlar om sm\u00e5 justeringar som kan g\u00f6ra stor skillnad f\u00f6r deltagare [&hellip;]<\/p>","protected":false},"author":19,"featured_media":0,"parent":0,"menu_order":0,"comment_status":"closed","ping_status":"closed","template":"","meta":{"_et_pb_use_builder":"on","_et_pb_old_content":"","_et_gb_content_width":"","footnotes":""},"class_list":["post-509","page","type-page","status-publish","hentry"],"_links":{"self":[{"href":"https:\/\/www.likavillkor2025.se\/en\/wp-json\/wp\/v2\/pages\/509","targetHints":{"allow":["GET"]}}],"collection":[{"href":"https:\/\/www.likavillkor2025.se\/en\/wp-json\/wp\/v2\/pages"}],"about":[{"href":"https:\/\/www.likavillkor2025.se\/en\/wp-json\/wp\/v2\/types\/page"}],"author":[{"embeddable":true,"href":"https:\/\/www.likavillkor2025.se\/en\/wp-json\/wp\/v2\/users\/19"}],"replies":[{"embeddable":true,"href":"https:\/\/www.likavillkor2025.se\/en\/wp-json\/wp\/v2\/comments?post=509"}],"version-history":[{"count":5,"href":"https:\/\/www.likavillkor2025.se\/en\/wp-json\/wp\/v2\/pages\/509\/revisions"}],"predecessor-version":[{"id":515,"href":"https:\/\/www.likavillkor2025.se\/en\/wp-json\/wp\/v2\/pages\/509\/revisions\/515"}],"wp:attachment":[{"href":"https:\/\/www.likavillkor2025.se\/en\/wp-json\/wp\/v2\/media?parent=509"}],"curies":[{"name":"wp","href":"https:\/\/api.w.org\/{rel}","templated":true}]}}